
{"id":90,"date":"2025-12-06T14:04:09","date_gmt":"2025-12-06T13:04:09","guid":{"rendered":"https:\/\/jjgeekzone.fr\/tempo\/?page_id=90"},"modified":"2026-01-20T18:21:05","modified_gmt":"2026-01-20T17:21:05","slug":"accueil-temporaire","status":"publish","type":"page","link":"https:\/\/jjgeekzone.fr\/tempo\/","title":{"rendered":"Futures \u00e9volutions  du blog RME"},"content":{"rendered":"<div><strong data-start=\"55\" data-end=\"134\">Ce site a pour objectif de pr\u00e9senter les prochaines \u00e9volutions du blog.<\/strong><br data-start=\"134\" data-end=\"137\" \/>Dans le menu principal, un nouvel item intitul\u00e9 <strong data-start=\"187\" data-end=\"200\" data-is-only-node=\"\">\u00ab Forum \u00bb<\/strong> a \u00e9t\u00e9 ajout\u00e9.<br data-start=\"214\" data-end=\"217\" \/>Dans le menu <strong data-start=\"232\" data-end=\"250\">\u00ab Navigation \u00bb<\/strong>, deux nouveaux items ont \u00e9t\u00e9 int\u00e9gr\u00e9s : <strong data-start=\"291\" data-end=\"322\">\u00ab Gestion des abonnements \u00bb<\/strong> et <strong data-start=\"326\" data-end=\"377\">\u00ab Modification des cat\u00e9gories re\u00e7ues par mail \u00bb<\/strong>.<br data-start=\"378\" data-end=\"381\" \/>Les autres items des menus principal et de navigation n\u2019ont pas \u00e9t\u00e9 repris sur ce site ; ils demeurent toutefois <strong data-start=\"496\" data-end=\"527\">inchang\u00e9s sur le site final<\/strong>.<\/div>\n<div style=\"text-align: center; margin-top: 20px;\"><img loading=\"lazy\" decoding=\"async\" style=\"display: block; margin: 0 auto;\" src=\"https:\/\/jjgeekzone.fr\/tempo\/wp-content\/uploads\/2025\/12\/image_transparent.png\" alt=\"\" width=\"192\" height=\"192\" \/><\/div>\n","protected":false},"excerpt":{"rendered":"<p>Ce site a pour objectif de pr\u00e9senter les prochaines \u00e9volutions du blog.Dans le menu principal, un nouvel item intitul\u00e9 \u00ab Forum \u00bb a \u00e9t\u00e9 ajout\u00e9.Dans le menu \u00ab Navigation \u00bb, deux nouveaux items ont \u00e9t\u00e9 int\u00e9gr\u00e9s : \u00ab Gestion des abonnements \u00bb et \u00ab Modification des cat\u00e9gories re\u00e7ues par mail \u00bb.Les autres items des menus [&hellip;]<\/p>\n","protected":false},"author":1,"featured_media":0,"parent":0,"menu_order":0,"comment_status":"closed","ping_status":"closed","template":"","meta":{"footnotes":""},"class_list":["post-90","page","type-page","status-publish","hentry"],"_links":{"self":[{"href":"https:\/\/jjgeekzone.fr\/tempo\/wp-json\/wp\/v2\/pages\/90","targetHints":{"allow":["GET"]}}],"collection":[{"href":"https:\/\/jjgeekzone.fr\/tempo\/wp-json\/wp\/v2\/pages"}],"about":[{"href":"https:\/\/jjgeekzone.fr\/tempo\/wp-json\/wp\/v2\/types\/page"}],"author":[{"embeddable":true,"href":"https:\/\/jjgeekzone.fr\/tempo\/wp-json\/wp\/v2\/users\/1"}],"replies":[{"embeddable":true,"href":"https:\/\/jjgeekzone.fr\/tempo\/wp-json\/wp\/v2\/comments?post=90"}],"version-history":[{"count":18,"href":"https:\/\/jjgeekzone.fr\/tempo\/wp-json\/wp\/v2\/pages\/90\/revisions"}],"predecessor-version":[{"id":269,"href":"https:\/\/jjgeekzone.fr\/tempo\/wp-json\/wp\/v2\/pages\/90\/revisions\/269"}],"wp:attachment":[{"href":"https:\/\/jjgeekzone.fr\/tempo\/wp-json\/wp\/v2\/media?parent=90"}],"curies":[{"name":"wp","href":"https:\/\/api.w.org\/{rel}","templated":true}]}}